{"id":2138,"date":"2023-10-03T13:28:39","date_gmt":"2023-10-03T13:28:39","guid":{"rendered":"https:\/\/pluviometros.com\/?page_id=2138"},"modified":"2023-10-03T13:38:59","modified_gmt":"2023-10-03T13:38:59","slug":"blog-1","status":"publish","type":"page","link":"https:\/\/pluviometros.com\/pt_br\/blog-1\/","title":{"rendered":"Blog 1"},"content":{"rendered":"<div data-elementor-type=\"wp-post\" data-elementor-id=\"2138\" class=\"elementor elementor-2138\">\n\t\t\t\t\t\t\t\t\t<section class=\"elementor-section elementor-top-section elementor-element elementor-element-a9c0eeb elementor-section-boxed elementor-section-height-default elementor-section-height-default\" data-id=\"a9c0eeb\" data-element_type=\"section\">\n\t\t\t\t\t\t<div class=\"elementor-container elementor-column-gap-no\">\n\t\t\t\t\t<div class=\"aux-parallax-section elementor-column elementor-col-100 elementor-top-column elementor-element elementor-element-71387644\" data-id=\"71387644\" data-element_type=\"column\">\n\t\t\t<div class=\"elementor-widget-wrap elementor-element-populated\">\n\t\t\t\t\t\t\t\t<div class=\"elementor-element elementor-element-c8b0718 elementor-widget elementor-widget-image\" data-id=\"c8b0718\" data-element_type=\"widget\" data-widget_type=\"image.default\">\n\t\t\t\t<div class=\"elementor-widget-container\">\n\t\t\t\t\t\t\t\t\t\t\t\t\t\t\t<img decoding=\"async\" loading=\"lazy\" width=\"837\" height=\"628\" src=\"https:\/\/pluviometros.com\/wp-content\/uploads\/2023\/09\/blog-3.png\" class=\"attachment-full size-full wp-image-2085\" alt=\"\" \/>\t\t\t\t\t\t\t\t\t\t\t\t\t\t\t<\/div>\n\t\t\t\t<\/div>\n\t\t\t\t<div class=\"elementor-element elementor-element-803bc81 aux-appear-watch-animation aux-fade-in-up elementor-widget elementor-widget-aux_modern_heading\" data-id=\"803bc81\" data-element_type=\"widget\" data-widget_type=\"aux_modern_heading.default\">\n\t\t\t\t<div class=\"elementor-widget-container\">\n\t\t\t<section class=\"aux-widget-modern-heading\">\n            <div class=\"aux-widget-inner\"><h2 class=\"aux-modern-heading-primary\">Pluvi\u00f4metros San Isidro faz acordo estrat\u00e9gico com o Projeto PREVENIR:<\/h2><div class=\"aux-modern-heading-divider\"><\/div><\/div>\n        <\/section>\t\t<\/div>\n\t\t\t\t<\/div>\n\t\t\t\t<div class=\"elementor-element elementor-element-a3dbe9e elementor-widget elementor-widget-text-editor\" data-id=\"a3dbe9e\" data-element_type=\"widget\" data-widget_type=\"text-editor.default\">\n\t\t\t\t<div class=\"elementor-widget-container\">\n\t\t\t\t\t\t\t<p><!-- wp:paragraph --><\/p><p>O acordo foi assinado entre o SMN, a JICA e o Minist\u00e9rio dos Neg\u00f3cios Estrangeiros e Culto, para iniciar o projecto Prevent, que visa melhorar o alerta precoce em \u00e1reas densamente povoadas com <strong>pluvi\u00f4metros de S\u00e3o Izidro.<\/strong><\/p><p><!-- \/wp:paragraph --> <!-- wp:paragraph --><\/p><p>A diretora do SMN, doutora Celeste Saulo, o diretor de Coopera\u00e7\u00e3o Internacional do Minist\u00e9rio das Rela\u00e7\u00f5es Exteriores e Culto, ministra Alicia Barone, e o representante da Ag\u00eancia Japonesa de Coopera\u00e7\u00e3o Internacional (JICA), Hiroyuki Takeda, assinaram um acordo de colabora\u00e7\u00e3o para iniciar a\u00e7\u00f5es no \u00e2mbito do\u00a0<strong>projeto Prevent .<\/strong>.<\/p><p><!-- \/wp:paragraph --> <!-- wp:paragraph --><\/p><p>Prevent \u00e9 o projeto de previs\u00e3o num\u00e9rica hidrometeorol\u00f3gica e alerta precoce para cidades vulner\u00e1veis e densamente povoadas. O objetivo do projeto \u00e9 o desenvolvimento de um sistema abrangente de previs\u00e3o hidrometeorol\u00f3gica e de curto prazo para a detec\u00e7\u00e3o precoce de eventos de inunda\u00e7\u00e3o repentina associados a chuvas intensas, com foco particular nos eventos que ocorrem em cidades densamente povoadas. O projeto contempla a estreita colabora\u00e7\u00e3o entre institui\u00e7\u00f5es de pesquisa do Jap\u00e3o e organiza\u00e7\u00f5es t\u00e9cnico-cient\u00edficas da Argentina para o desenvolvimento de solu\u00e7\u00f5es e ferramentas inovadoras.<\/p><p><!-- \/wp:paragraph --> <!-- wp:paragraph --><\/p><p>\u201cO projeto vai mudar a forma como chegamos com as nossas previs\u00f5es e alertas precoces, porque procura trabalhar toda a cadeia de valor, desde as observa\u00e7\u00f5es, previs\u00f5es e chegada a territ\u00f3rio onde a vulnerabilidade a eventos meteorol\u00f3gicos e hidrometeorol\u00f3gicos extremos \u00e9 muito elevada\u201d. , disse Celeste Saulo.<\/p><p><!-- \/wp:paragraph --> <!-- wp:paragraph --><\/p><p>As atividades do projeto concentram-se no desenvolvimento e otimiza\u00e7\u00e3o do sistema de previs\u00e3o hidrometeorol\u00f3gica para duas bacias piloto: a bacia dos rios Sarand\u00ed e Santo Domingo, no sul dos sub\u00farbios de Buenos Aires, e a bacia do rio Suqu\u00eda, na prov\u00edncia de C\u00f3rdoba. O projecto prop\u00f5e uma abordagem ampla aos problemas associados \u00e0 previs\u00e3o de cheias, prop\u00f5e a melhoria dos sistemas de produ\u00e7\u00e3o de informa\u00e7\u00e3o e o desenvolvimento de novas ferramentas de comunica\u00e7\u00e3o tanto com organiza\u00e7\u00f5es de gest\u00e3o de emerg\u00eancias como com o p\u00fablico em geral.<\/p><p><!-- \/wp:paragraph --> <!-- wp:paragraph --><\/p><p>\u201cCelebramos este acordo de coopera\u00e7\u00e3o com a JICA, o Centro de Pesquisas Marinhas e Atmosf\u00e9ricas da UBA e o Instituto Nacional da \u00c1gua\u201d, acrescentou Saulo.<\/p><p><!-- \/wp:paragraph --> <!-- wp:paragraph --><\/p><p>A assinatura do acordo ocorreu no dia 10 de mar\u00e7o, na sede do Servi\u00e7o Meteorol\u00f3gico Nacional, e contou com a presen\u00e7a das autoridades das institui\u00e7\u00f5es ligadas ao projeto.<\/p><p><!-- \/wp:paragraph --><\/p>\t\t\t\t\t\t<\/div>\n\t\t\t\t<\/div>\n\t\t\t\t\t<\/div>\n\t\t<\/div>\n\t\t\t\t\t\t\t<\/div>\n\t\t<\/section>\n\t\t\t\t\t\t\t<\/div>","protected":false},"excerpt":{"rendered":"<p>Pluvi\u00f3metros San Isidro, realiza un acuerdo estrat\u00e9gico junto al Proyecto PREVENIR: Se firm\u00f3 el acuerdo entre el SMN, la JICA, y el Ministerio de Relaciones Exteriores y Culto, para iniciar el proyecto Prevenir, que busca mejorar el alerta temprana en \u00e1reas densamente pobladas con pluvi\u00f3metros San Isidro. La directora del SMN, Doctora Celeste Saulo, la [&hellip;]<\/p>","protected":false},"author":2,"featured_media":0,"parent":0,"menu_order":0,"comment_status":"closed","ping_status":"closed","template":"","meta":{"_eb_attr":"","om_disable_all_campaigns":false,"_mi_skip_tracking":false,"_monsterinsights_sitenote_active":false,"_monsterinsights_sitenote_note":"","_monsterinsights_sitenote_category":0,"footnotes":""},"aioseo_notices":[],"_links":{"self":[{"href":"https:\/\/pluviometros.com\/pt_br\/wp-json\/wp\/v2\/pages\/2138"}],"collection":[{"href":"https:\/\/pluviometros.com\/pt_br\/wp-json\/wp\/v2\/pages"}],"about":[{"href":"https:\/\/pluviometros.com\/pt_br\/wp-json\/wp\/v2\/types\/page"}],"author":[{"embeddable":true,"href":"https:\/\/pluviometros.com\/pt_br\/wp-json\/wp\/v2\/users\/2"}],"replies":[{"embeddable":true,"href":"https:\/\/pluviometros.com\/pt_br\/wp-json\/wp\/v2\/comments?post=2138"}],"version-history":[{"count":4,"href":"https:\/\/pluviometros.com\/pt_br\/wp-json\/wp\/v2\/pages\/2138\/revisions"}],"predecessor-version":[{"id":2143,"href":"https:\/\/pluviometros.com\/pt_br\/wp-json\/wp\/v2\/pages\/2138\/revisions\/2143"}],"wp:attachment":[{"href":"https:\/\/pluviometros.com\/pt_br\/wp-json\/wp\/v2\/media?parent=2138"}],"curies":[{"name":"wp","href":"https:\/\/api.w.org\/{rel}","templated":true}]}}