{"id":2147,"date":"2023-10-03T13:39:53","date_gmt":"2023-10-03T13:39:53","guid":{"rendered":"https:\/\/pluviometros.com\/?page_id=2147"},"modified":"2023-10-03T13:41:03","modified_gmt":"2023-10-03T13:41:03","slug":"blog-2","status":"publish","type":"page","link":"https:\/\/pluviometros.com\/pt_br\/blog-2\/","title":{"rendered":"Blog 2"},"content":{"rendered":"<div data-elementor-type=\"wp-post\" data-elementor-id=\"2147\" class=\"elementor elementor-2147\">\n\t\t\t\t\t\t\t\t\t<section class=\"elementor-section elementor-top-section elementor-element elementor-element-a9c0eeb elementor-section-boxed elementor-section-height-default elementor-section-height-default\" data-id=\"a9c0eeb\" data-element_type=\"section\">\n\t\t\t\t\t\t<div class=\"elementor-container elementor-column-gap-no\">\n\t\t\t\t\t<div class=\"aux-parallax-section elementor-column elementor-col-100 elementor-top-column elementor-element elementor-element-71387644\" data-id=\"71387644\" data-element_type=\"column\">\n\t\t\t<div class=\"elementor-widget-wrap elementor-element-populated\">\n\t\t\t\t\t\t\t\t<div class=\"elementor-element elementor-element-c8b0718 elementor-widget elementor-widget-image\" data-id=\"c8b0718\" data-element_type=\"widget\" data-widget_type=\"image.default\">\n\t\t\t\t<div class=\"elementor-widget-container\">\n\t\t\t\t\t\t\t\t\t\t\t\t\t\t\t<img decoding=\"async\" loading=\"lazy\" width=\"837\" height=\"628\" src=\"https:\/\/pluviometros.com\/wp-content\/uploads\/2023\/09\/blog-2.png\" class=\"attachment-full size-full wp-image-2084\" alt=\"\" \/>\t\t\t\t\t\t\t\t\t\t\t\t\t\t\t<\/div>\n\t\t\t\t<\/div>\n\t\t\t\t<div class=\"elementor-element elementor-element-803bc81 aux-appear-watch-animation aux-fade-in-up elementor-widget elementor-widget-aux_modern_heading\" data-id=\"803bc81\" data-element_type=\"widget\" data-widget_type=\"aux_modern_heading.default\">\n\t\t\t\t<div class=\"elementor-widget-container\">\n\t\t\t<section class=\"aux-widget-modern-heading\">\n            <div class=\"aux-widget-inner\"><h2 class=\"aux-modern-heading-primary\">San Isidro Rain Gauges amplia seu canal de distribui\u00e7\u00e3o junto com o Projeto CIAT em Honduras:<\/h2><div class=\"aux-modern-heading-divider\"><\/div><\/div>\n        <\/section>\t\t<\/div>\n\t\t\t\t<\/div>\n\t\t\t\t<div class=\"elementor-element elementor-element-a3dbe9e elementor-widget elementor-widget-text-editor\" data-id=\"a3dbe9e\" data-element_type=\"widget\" data-widget_type=\"text-editor.default\">\n\t\t\t\t<div class=\"elementor-widget-container\">\n\t\t\t\t\t\t\t<p><!-- wp:paragraph --><\/p>\n<p><!-- wp:paragraph --><\/p>\n<p>Os pluvi\u00f4metros s\u00e3o distribu\u00eddos em v\u00e1rios pontos da prov\u00edncia.<a href=\"https:\/\/www.launion.digital\/sociedad\/distribuyen-pluviometros-varios-puntos-provincia-n119014#\"><br \/><\/a>A Direc\u00e7\u00e3o da\u00a0<strong>Brigada de Combate a Inc\u00eandios Florestais\u00a0<\/strong>em conjunto com  militares da\u00a0<strong>Defesa Civil\u00a0<\/strong>distribu\u00edram\u00a0<strong>pluvi\u00f3metros\u00a0<\/strong>em pontos estrat\u00e9gicos para ampliar e divulgar a quantidade de precipita\u00e7\u00e3o na prov\u00edncia. Estes instrumentos de medi\u00e7\u00e3o foram doados no ano passado pelo Minist\u00e9rio das Ci\u00eancias e Inova\u00e7\u00e3o Tecnol\u00f3gica.<\/p>\n<p><!-- \/wp:paragraph --> <!-- wp:paragraph --><\/p>\n<p>J\u00e1 est\u00e3o instalados em Chumbicha (Capayan), Las Esquinas, (Valle Viejo), Valle Chico (Capital), Base de Defesa Civil (Capital), Santa Rosa (Valle Viejo), El Hueco e Pirquitas (Fray Mamerto Esquiu), El Rodeo (Ambato) e nos pr\u00f3ximos dias o mesmo ser\u00e1 feito em Los Varela, Singuil, Las Chacritas (Ambato), Poman e Andalgala. Tamb\u00e9m foi relatado que est\u00e3o sendo administrados mais locais onde indiv\u00edduos ou organiza\u00e7\u00f5es s\u00e3o respons\u00e1veis pelo registro e cuidado do <strong>pluvi\u00f4metro .<\/strong>.<\/p>\n<p><!-- \/wp:paragraph --> <!-- wp:paragraph --><\/p>\n<p>Entretanto, e no \u00e2mbito destes novos instrumentos, foram registadas precipita\u00e7\u00f5es durante o fim de semana e j\u00e1 foi poss\u00edvel agregar os registos das esta\u00e7\u00f5es meteorol\u00f3gicas de organiza\u00e7\u00f5es e particulares que est\u00e3o na prov\u00edncia e estes foram os registos do fim de semana.<\/p>\n<p><!-- \/wp:paragraph --> <!-- wp:paragraph --><\/p>\n<p>\u2022 Las Juntas (Ambato): 47,1 mm (at\u00e9 \u00e0s 07h00)<\/p>\n<p><!-- \/wp:paragraph --> <!-- wp:paragraph --><\/p>\n<p>\u2022 El Rodeo (Ambato): 26,0 mm (at\u00e9 \u00e0s 09h00)<\/p>\n<p><!-- \/wp:paragraph --> <!-- wp:paragraph --><\/p>\n<p>\u2022 San Antonio de Paclin: 22,9 mm (at\u00e9 \u00e0s 07h00)<\/p>\n<p><!-- \/wp:paragraph --> <!-- wp:paragraph --><\/p>\n<p>\u2022 B\u00f1do Norte de Ovanta (Sta. Rosa): 19,1 mm (at\u00e9 \u00e0s 07h00)<\/p>\n<p><!-- \/wp:paragraph --> <!-- wp:paragraph --><\/p>\n<p>\u2022 Pirquitas (Fray Mamerto Esquiu)): 17,0 mm (at\u00e9 11h)<\/p>\n<p><!-- \/wp:paragraph --> <!-- wp:paragraph --><\/p>\n<p>\u2022 Aeroporto (Valle Viejo): 16,0 mm (at\u00e9 \u00e0s 09h00)<\/p>\n<p><!-- \/wp:paragraph --> <!-- wp:paragraph --><\/p>\n<p>\u2022 La Chacarita (Capital): 15,6 mm (at\u00e9 \u00e0s 07h00)<\/p>\n<p><!-- \/wp:paragraph --> <!-- wp:paragraph --><\/p>\n<p>\u2022 Defesa Civil (Capital): 11,0 mm (at\u00e9 10h)<\/p>\n<p><!-- \/wp:paragraph --> <!-- wp:paragraph --><\/p>\n<p>\u2022 Las Esquinas (Valle Viejo): 10,5 mm (at\u00e9 \u00e0s 10h00)<\/p>\n<p><!-- \/wp:paragraph --> <!-- wp:paragraph --><\/p>\n<p>\u2022 CAPE (Capital): 10,1 mm (At\u00e9 \u00e0s 07h00)<\/p>\n<p><!-- \/wp:paragraph --> <!-- wp:paragraph --><\/p>\n<p>\u2022 Santa Rosa (Valle Viejo): 10,0 mm (at\u00e9 \u00e0s 10h00)<\/p>\n<p><!-- \/wp:paragraph --> <!-- wp:paragraph --><\/p>\n<p>\u2022 El Hueco (Fray Mamerto Esquiu): 9,0 mm (at\u00e9 \u00e0s 07h00)<\/p>\n<p><!-- \/wp:paragraph --> <!-- wp:paragraph --><\/p>\n<p>\u2022 Colonia del Valle (Capayan): 7,0 mm (at\u00e9 \u00e0s 07h00)<\/p>\n<p><!-- \/wp:paragraph --> <!-- wp:paragraph --><\/p>\n<p>Nos pr\u00f3ximos dias e antes de cada registo, os Bombeiros divulgar\u00e3o a localiza\u00e7\u00e3o geogr\u00e1fica de cada <strong>pluviometro<\/strong> e do respons\u00e1vel pelos registos.<!-- \/wp:paragraph --><\/p>\n<p><!-- \/wp:paragraph --><\/p>\t\t\t\t\t\t<\/div>\n\t\t\t\t<\/div>\n\t\t\t\t\t<\/div>\n\t\t<\/div>\n\t\t\t\t\t\t\t<\/div>\n\t\t<\/section>\n\t\t\t\t\t\t\t<\/div>","protected":false},"excerpt":{"rendered":"<p>Pluvi\u00f3metros San Isidro, ampl\u00eda su canal de distribuci\u00f3n junto al Proyecto CIAT en Honduras: Se distribuyen pluvi\u00f3metros en varios puntos de la provincia.La Direcci\u00f3n de\u00a0Brigada de Lucha Contra Incendios Forestales\u00a0en conjunto con personal de\u00a0Defensa Civil\u00a0distribuyeron en puntos estrat\u00e9gicos\u00a0pluvi\u00f3metros\u00a0para ampliar y difundir la cantidad de precipitaciones en la provincia. Dichos instrumentos de medici\u00f3n fueron donados el [&hellip;]<\/p>","protected":false},"author":2,"featured_media":0,"parent":0,"menu_order":0,"comment_status":"closed","ping_status":"closed","template":"","meta":{"_eb_attr":"","om_disable_all_campaigns":false,"_mi_skip_tracking":false,"_monsterinsights_sitenote_active":false,"_monsterinsights_sitenote_note":"","_monsterinsights_sitenote_category":0,"footnotes":""},"aioseo_notices":[],"_links":{"self":[{"href":"https:\/\/pluviometros.com\/pt_br\/wp-json\/wp\/v2\/pages\/2147"}],"collection":[{"href":"https:\/\/pluviometros.com\/pt_br\/wp-json\/wp\/v2\/pages"}],"about":[{"href":"https:\/\/pluviometros.com\/pt_br\/wp-json\/wp\/v2\/types\/page"}],"author":[{"embeddable":true,"href":"https:\/\/pluviometros.com\/pt_br\/wp-json\/wp\/v2\/users\/2"}],"replies":[{"embeddable":true,"href":"https:\/\/pluviometros.com\/pt_br\/wp-json\/wp\/v2\/comments?post=2147"}],"version-history":[{"count":4,"href":"https:\/\/pluviometros.com\/pt_br\/wp-json\/wp\/v2\/pages\/2147\/revisions"}],"predecessor-version":[{"id":2151,"href":"https:\/\/pluviometros.com\/pt_br\/wp-json\/wp\/v2\/pages\/2147\/revisions\/2151"}],"wp:attachment":[{"href":"https:\/\/pluviometros.com\/pt_br\/wp-json\/wp\/v2\/media?parent=2147"}],"curies":[{"name":"wp","href":"https:\/\/api.w.org\/{rel}","templated":true}]}}