{"id":2152,"date":"2023-10-03T13:41:06","date_gmt":"2023-10-03T13:41:06","guid":{"rendered":"https:\/\/pluviometros.com\/?page_id=2152"},"modified":"2023-10-03T13:45:14","modified_gmt":"2023-10-03T13:45:14","slug":"blog-3","status":"publish","type":"page","link":"https:\/\/pluviometros.com\/pt_br\/blog-3\/","title":{"rendered":"Blog 3"},"content":{"rendered":"<div data-elementor-type=\"wp-post\" data-elementor-id=\"2152\" class=\"elementor elementor-2152\">\n\t\t\t\t\t\t\t\t\t<section class=\"elementor-section elementor-top-section elementor-element elementor-element-a9c0eeb elementor-section-boxed elementor-section-height-default elementor-section-height-default\" data-id=\"a9c0eeb\" data-element_type=\"section\">\n\t\t\t\t\t\t<div class=\"elementor-container elementor-column-gap-no\">\n\t\t\t\t\t<div class=\"aux-parallax-section elementor-column elementor-col-100 elementor-top-column elementor-element elementor-element-71387644\" data-id=\"71387644\" data-element_type=\"column\">\n\t\t\t<div class=\"elementor-widget-wrap elementor-element-populated\">\n\t\t\t\t\t\t\t\t<div class=\"elementor-element elementor-element-c8b0718 elementor-widget elementor-widget-image\" data-id=\"c8b0718\" data-element_type=\"widget\" data-widget_type=\"image.default\">\n\t\t\t\t<div class=\"elementor-widget-container\">\n\t\t\t\t\t\t\t\t\t\t\t\t\t\t\t<img decoding=\"async\" loading=\"lazy\" width=\"837\" height=\"628\" src=\"https:\/\/pluviometros.com\/wp-content\/uploads\/2023\/09\/blog-1.png\" class=\"attachment-full size-full wp-image-2083\" alt=\"\" \/>\t\t\t\t\t\t\t\t\t\t\t\t\t\t\t<\/div>\n\t\t\t\t<\/div>\n\t\t\t\t<div class=\"elementor-element elementor-element-803bc81 aux-appear-watch-animation aux-fade-in-up elementor-widget elementor-widget-aux_modern_heading\" data-id=\"803bc81\" data-element_type=\"widget\" data-widget_type=\"aux_modern_heading.default\">\n\t\t\t\t<div class=\"elementor-widget-container\">\n\t\t\t<section class=\"aux-widget-modern-heading\">\n            <div class=\"aux-widget-inner\"><h2 class=\"aux-modern-heading-primary\">Pluvi\u00f4metros San Isidro concordam em alian\u00e7a estrat\u00e9gica com o Projeto Matteo<\/h2><div class=\"aux-modern-heading-divider\"><\/div><\/div>\n        <\/section>\t\t<\/div>\n\t\t\t\t<\/div>\n\t\t\t\t<div class=\"elementor-element elementor-element-a3dbe9e elementor-widget elementor-widget-text-editor\" data-id=\"a3dbe9e\" data-element_type=\"widget\" data-widget_type=\"text-editor.default\">\n\t\t\t\t<div class=\"elementor-widget-container\">\n\t\t\t\t\t\t\t<p><!-- wp:paragraph --><\/p>\n<p>O Projeto MATTEO \u00e9 um\u00a0<strong>projeto educacional e cient\u00edfico<\/strong>\u00a0formado por uma equipe interdisciplinar formada por alunos e professores de diversos n\u00edveis de ensino, t\u00e9cnicos, profissionais e pesquisadores de diversas institui\u00e7\u00f5es.<\/p>\n<p><!-- \/wp:paragraph --> <!-- wp:paragraph --><\/p>\n<p>Esta iniciativa prop\u00f5e  a\u00a0<strong>M<\/strong>edi\u00e7\u00e3o\u00a0<strong>A<\/strong>utom\u00e1tica do\u00a0<strong>T<\/strong>empo da\u00a0<strong>T<\/strong>roposfera  em\u00a0<strong>E<\/strong>scolas e\u00a0<strong>O<\/strong>rganiza\u00e7\u00f5es . No \u00e2mbito do MATTEO, alunos de mais de\u00a0<strong>70 escolas em 6 prov\u00edncias<\/strong>\u00a0aprendem sobre meteorologia, observa\u00e7\u00e3o meteorol\u00f3gica e d\u00e3o os primeiros passos na experi\u00eancia de fazer ci\u00eancia. O SMN estabeleceu um acordo de colabora\u00e7\u00e3o com a MATTEO cujo objectivo \u00e9 promover a colabora\u00e7\u00e3o na implementa\u00e7\u00e3o e divulga\u00e7\u00e3o de actividades cient\u00edficas, tecnol\u00f3gicas e educativas. Assim, durante 2022 e no \u00e2mbito dos 150 anos do SMN, em conjunto com a MATTEO, ser\u00e3o realizados:<\/p>\n<p><!-- \/wp:paragraph --> <!-- wp:list --><\/p>\n<ul><!-- wp:list-item -->\n<li>Palestras para alunos de diferentes n\u00edveis de ensino (inicial, prim\u00e1rio, secund\u00e1rio e universit\u00e1rio).<\/li>\n<!-- \/wp:list-item --> <!-- wp:list-item -->\n<li>Visitas t\u00e9cnicas das escolas participantes do projeto MATTEO \u00e0s instala\u00e7\u00f5es do SMN.<\/li>\n<!-- \/wp:list-item --> <!-- wp:list-item -->\n<li>Colabora\u00e7\u00e3o cient\u00edfica e tecnol\u00f3gica no registo e an\u00e1lise dos dados registados por cada uma das partes.<\/li>\n<!-- \/wp:list-item --><\/ul>\n<p><!-- \/wp:heading --> <!-- wp:paragraph --><\/p>\n<p><span style=\"text-decoration: underline;\"><strong>O SMN e o projeto MATTEO<\/strong><\/span><\/p>\n<p>No m\u00eas da inf\u00e2ncia, o SMN ministrar\u00e1 palestras para os alunos integrantes do projeto MATTEO. As palestras ser\u00e3o divididas em ciclos:<\/p>\n<p><!-- \/wp:paragraph --> <!-- wp:list --><\/p>\n<ul><!-- wp:list-item -->\n<li>Para o n\u00edvel pr\u00e9-escolar-prim\u00e1rio, as palestras ter\u00e3o como foco \u201cO ciclo da \u00e1gua\u201d<\/li>\n<!-- \/wp:list-item --> <!-- wp:list-item -->\n<li>Para o ciclo secund\u00e1rio ser\u00e3o abordadas as Aplica\u00e7\u00f5es da meteorologia nos diferentes setores produtivos do pa\u00eds.<\/li>\n<!-- \/wp:list-item --><\/ul>\n<p><!-- \/wp:heading --> <!-- wp:paragraph --><\/p>\n<p><span style=\"text-decoration: underline;\"><strong>Mais sobre MATTEO:<\/strong><\/span><\/p>\n<p>O projeto de\u00a0<strong>Medi\u00e7\u00e3o Autom\u00e1tica do Tempo da Troposfera em Escolas e Organiza\u00e7\u00f5es,<\/strong>\u00a0desenvolvido pela Faculdade de Ci\u00eancias Exatas, F\u00edsicas e Naturais da Universidade Nacional de C\u00f3rdoba, em homenagem ao estudante cient\u00edfico MATTEO Ravagli C\u00e1ceres.<\/p>\n<p><!-- \/wp:paragraph --> <!-- wp:list --><\/p>\n<ul><!-- wp:list-item -->\n<li><strong>M<\/strong>onitoramento : Medi\u00e7\u00f5es sistem\u00e1ticas detalhadas do tempo s\u00e3o feitas com boa resolu\u00e7\u00e3o espacial e temporal.<\/li>\n<!-- \/wp:list-item --> <!-- wp:list-item -->\n<li><strong>A<\/strong>utom\u00e1tico : S\u00e3o utilizadas esta\u00e7\u00f5es de medi\u00e7\u00e3o autom\u00e1ticas que relatam informa\u00e7\u00f5es em\u00a0<strong>tempo real.<\/strong>.<\/li>\n<!-- \/wp:list-item --> <!-- wp:list-item -->\n<li><strong>T<\/strong>empo : \u00e9 o estado da\u00a0<strong>atm\u00f3sfera<\/strong>\u00a0atmosfera  em um determinado local durante um curto per\u00edodo. Neste projeto \u00e9 realizado o monitoramento de vari\u00e1veis que caracterizam o tempo.<\/li>\n<!-- \/wp:list-item --> <!-- wp:list-item -->\n<li><strong>T<\/strong>roposfera:  Todos os fen\u00f4menos meteorol\u00f3gicos que influenciam os seres vivos ocorrem nesta camada da  atmosfera terrestre.\u00a0<strong>atm\u00f3sfera<\/strong>\u00a0terrestre ocurren todos los fen\u00f3menos meteorol\u00f3gicos que influyen en los seres vivos.<\/li>\n<!-- \/wp:list-item --> <!-- wp:list-item -->\n<li><strong>E<\/strong>scolas : No projeto, esta\u00e7\u00f5es autom\u00e1ticas s\u00e3o instaladas em\u00a0<strong>E<\/strong>scolas de gest\u00e3o p\u00fablica e privada de diferentes n\u00edveis.<\/li>\n<!-- \/wp:list-item --> <!-- wp:list-item -->\n<li><strong>O<\/strong>rganiza\u00e7\u00f5es : As esta\u00e7\u00f5es s\u00e3o instaladas em organiza\u00e7\u00f5es (universidades, institui\u00e7\u00f5es e organiza\u00e7\u00f5es respons\u00e1veis pela gest\u00e3o de recursos h\u00eddricos, etc.). Aderem cidad\u00e3os com esta\u00e7\u00f5es privadas.<\/li>\n<\/ul>\t\t\t\t\t\t<\/div>\n\t\t\t\t<\/div>\n\t\t\t\t\t<\/div>\n\t\t<\/div>\n\t\t\t\t\t\t\t<\/div>\n\t\t<\/section>\n\t\t\t\t\t\t\t<\/div>","protected":false},"excerpt":{"rendered":"<p>Pluvi\u00f3metros San Isidro, acuerda una alianza estrat\u00e9gica junto al Proyecto Matteo El Proyecto MATTEO es un\u00a0proyecto educativo y cient\u00edfico\u00a0formado por un equipo interdisciplinario compuesto por estudiantes y docentes de distintos niveles educativos, t\u00e9cnicos, profesionales e investigadores de diferentes instituciones. Esta iniciativa propone la\u00a0Medici\u00f3n\u00a0Autom\u00e1tica del\u00a0Tiempo de la\u00a0Troposfera en\u00a0Escuelas y\u00a0Organismos. En el marco de MATTEO, las y [&hellip;]<\/p>","protected":false},"author":2,"featured_media":0,"parent":0,"menu_order":0,"comment_status":"closed","ping_status":"closed","template":"","meta":{"_eb_attr":"","om_disable_all_campaigns":false,"_mi_skip_tracking":false,"_monsterinsights_sitenote_active":false,"_monsterinsights_sitenote_note":"","_monsterinsights_sitenote_category":0,"footnotes":""},"aioseo_notices":[],"_links":{"self":[{"href":"https:\/\/pluviometros.com\/pt_br\/wp-json\/wp\/v2\/pages\/2152"}],"collection":[{"href":"https:\/\/pluviometros.com\/pt_br\/wp-json\/wp\/v2\/pages"}],"about":[{"href":"https:\/\/pluviometros.com\/pt_br\/wp-json\/wp\/v2\/types\/page"}],"author":[{"embeddable":true,"href":"https:\/\/pluviometros.com\/pt_br\/wp-json\/wp\/v2\/users\/2"}],"replies":[{"embeddable":true,"href":"https:\/\/pluviometros.com\/pt_br\/wp-json\/wp\/v2\/comments?post=2152"}],"version-history":[{"count":4,"href":"https:\/\/pluviometros.com\/pt_br\/wp-json\/wp\/v2\/pages\/2152\/revisions"}],"predecessor-version":[{"id":2158,"href":"https:\/\/pluviometros.com\/pt_br\/wp-json\/wp\/v2\/pages\/2152\/revisions\/2158"}],"wp:attachment":[{"href":"https:\/\/pluviometros.com\/pt_br\/wp-json\/wp\/v2\/media?parent=2152"}],"curies":[{"name":"wp","href":"https:\/\/api.w.org\/{rel}","templated":true}]}}