{"id":2192,"date":"2023-11-15T14:31:22","date_gmt":"2023-11-15T14:31:22","guid":{"rendered":"https:\/\/pluviometros.com\/?page_id=2192"},"modified":"2023-11-15T17:56:25","modified_gmt":"2023-11-15T17:56:25","slug":"blog-4","status":"publish","type":"page","link":"https:\/\/pluviometros.com\/pt_br\/blog-4\/","title":{"rendered":"Blog 4"},"content":{"rendered":"<div data-elementor-type=\"wp-post\" data-elementor-id=\"2192\" class=\"elementor elementor-2192\">\n\t\t\t\t\t\t\t\t\t<section class=\"elementor-section elementor-top-section elementor-element elementor-element-a9c0eeb elementor-section-boxed elementor-section-height-default elementor-section-height-default\" data-id=\"a9c0eeb\" data-element_type=\"section\">\n\t\t\t\t\t\t<div class=\"elementor-container elementor-column-gap-no\">\n\t\t\t\t\t<div class=\"aux-parallax-section elementor-column elementor-col-100 elementor-top-column elementor-element elementor-element-71387644\" data-id=\"71387644\" data-element_type=\"column\">\n\t\t\t<div class=\"elementor-widget-wrap elementor-element-populated\">\n\t\t\t\t\t\t\t\t<div class=\"elementor-element elementor-element-0989e20 elementor-widget elementor-widget-video\" data-id=\"0989e20\" data-element_type=\"widget\" data-settings=\"{&quot;youtube_url&quot;:&quot;https:\\\/\\\/youtu.be\\\/cyTjzc3sHKw&quot;,&quot;video_type&quot;:&quot;youtube&quot;,&quot;controls&quot;:&quot;yes&quot;}\" data-widget_type=\"video.default\">\n\t\t\t\t<div class=\"elementor-widget-container\">\n\t\t\t\t\t<div class=\"elementor-wrapper elementor-open-inline\">\n\t\t\t<div class=\"elementor-video\"><\/div>\t\t<\/div>\n\t\t\t\t<\/div>\n\t\t\t\t<\/div>\n\t\t\t\t<div class=\"elementor-element elementor-element-803bc81 aux-appear-watch-animation aux-fade-in-up elementor-widget elementor-widget-aux_modern_heading\" data-id=\"803bc81\" data-element_type=\"widget\" data-widget_type=\"aux_modern_heading.default\">\n\t\t\t\t<div class=\"elementor-widget-container\">\n\t\t\t<section class=\"aux-widget-modern-heading\">\n            <div class=\"aux-widget-inner\"><h2 class=\"aux-modern-heading-primary\">Pluvi\u00f3metros San Isidro, acuerda una alianza estrat\u00e9gica junto a estudiantes de escuelas cordilleranas que ayudaron a la comunidad cient\u00edfica a registrar la lluvia y nieve ca\u00eddas en el pasado invierno.<\/h2><div class=\"aux-modern-heading-divider\"><\/div><\/div>\n        <\/section>\t\t<\/div>\n\t\t\t\t<\/div>\n\t\t\t\t<div class=\"elementor-element elementor-element-2a05316 elementor-widget elementor-widget-text-editor\" data-id=\"2a05316\" data-element_type=\"widget\" data-widget_type=\"text-editor.default\">\n\t\t\t\t<div class=\"elementor-widget-container\">\n\t\t\t\t\t\t\t<p>84 meninas e meninos de 6 escolas de R\u00edo Hurtado, Combarbal\u00e1 e Monte Patria aprenderam a observar a cordilheira no inverno e atrav\u00e9s<strong> pluvi\u00f3metros San Isidro<\/strong>, registros e outros instrumentos, registraram eventos de precipita\u00e7\u00e3o e aprenderam sobre o ciclo da \u00e1gua.<\/p><p>Com interesse, alegria e entusiasmo, e fazendo da explora\u00e7\u00e3o uma de suas principais motiva\u00e7\u00f5es, um grupo de alunos de escolas rurais de professor \u00fanico na prov\u00edncia de Limar\u00ed investigou seu ambiente montanhoso gra\u00e7as ao trabalho daRede de Escolas Vizinhas de Las Nieves, uma iniciativa do Programa Ci\u00eancia Cidad\u00e3 do Centro de Estudos Avan\u00e7ados em Zonas \u00c1ridas.  CEAZA, que os treinou para medir a precipita\u00e7\u00e3o e neve que ocorreram no inverno passado.<\/p><p>Observando e Explorando o Inverno<\/p><p>A iniciativa \u00e9 realizada, desde 2021, em 6 escolas da Cordilheira: Las Breas e Maitenes de Ser\u00f3n, em R\u00edo Hurtado; Usina Hidrel\u00e9trica Los Molles e Fronteira Las Ramadas, em Tulahu\u00e9n; e Estrella de Bel\u00e9n e Bosque de Quillay de Combarbal\u00e1. Foram 84 alunos que participaram da observa\u00e7\u00e3o da serra durante o inverno e, utilizando um kit de materiais, um <strong>Pluvi\u00f4metro de San Izidro<\/strong> e um di\u00e1rio, registraram eventos de precipita\u00e7\u00e3o e aprenderam sobre o ciclo da \u00e1gua na serra em \u00e1reas \u00e1ridas.<\/p><p>manual e registro dos hor\u00e1rios de in\u00edcio e t\u00e9rmino da precipita\u00e7\u00e3o. \u201cAs escolas que registaram maior quantidade de chuva este ano s\u00e3o a escola Frontera Las Ramadas, com 283,6 mm de chuva, e a escola Estrella de Bel\u00e9n, com 279,3 mm de chuva medidas no p\u00e1tio da escola\u201d, acrescentou.<strong> Pluvi\u00f4metro de San Izidro<\/strong> manual y registro de horas de inicio y t\u00e9rmino de las precipitaciones. \u201cLas escuelas que registraron mayor cantidad de lluvia en el a\u00f1o son la escuela Frontera Las Ramadas, con 283,6 mm de lluvia, y la escuela Estrella de Bel\u00e9n, con 279,3 mm de lluvia medida en el patio de la escuela\u201d, a\u00f1adi\u00f3.<\/p><p>Ele explica ainda que o dia em que foi registrada a maior quantidade de chuva foi 13 de julho, com medi\u00e7\u00f5es das escolas Frontera Las Ramadas (80 mm) e Estrella de Bel\u00e9n (111 mm), que somaram um total de 191 mm de chuva.   \"Posteriormente, a comunidade de estudantes compartilhou sua experi\u00eancia com a neve em suas casas e escolas, refletindo sobre o papel da neve e das geleiras no ciclo da \u00e1gua em \u00e1reas \u00e1ridas, que, juntas, constituem a principal fonte e reserva de \u00e1gua doce para toda a popula\u00e7\u00e3o e ecossistemas da Regi\u00e3o de Coquimbo\",  destacou o profissional.<\/p><p>Logs e comunica\u00e7\u00e3o de resultados<\/p><p>J\u00e1 a chefe do Programa Ci\u00eancia Cidad\u00e3 do CEAZA, Paloma N\u00fa\u00f1ez, ressaltou que este ano as escolas aplicaram o material educativo \"Di\u00e1rio Escolar de Observa\u00e7\u00e3o da Cordilheira\" feito em conjunto com os professores em 2021. \"Cada aluno tinha seu pr\u00f3prio registro para aprender o m\u00e9todo cient\u00edfico e o ciclo da \u00e1gua, al\u00e9m de registrar e observar o evento de precipita\u00e7\u00e3o em sua localidade.\"<\/p><p>Da mesma forma, acrescentou Paloma, os professores e alunos puderam vir e vivenciar em primeira m\u00e3o a aplica\u00e7\u00e3o da investiga\u00e7\u00e3o cient\u00edfica aplicada ao seu territ\u00f3rio. \"Eles puderam participar de feiras de ci\u00eancias, apresentando seus dados e entendendo a import\u00e2ncia de comunicar os resultados como \u00faltima etapa da pesquisa\", disse.<\/p><p>Fortalecimento da educa\u00e7\u00e3o cient\u00edfica<\/p><p>Por seu lado, Magdalena Carmona, professora respons\u00e1vel pela escola Frontera Las Ramadas de Tulahu\u00e9n, em Monte Patria, sublinhou que o apoio desta Rede de Escolas Vizinhas de Las Nieves serviu para aproximar a ci\u00eancia das crian\u00e7as, \"com instrumentos que talvez nunca tivessem tido oportunidade de manipular e, sobretudo, de fazer experi\u00eancias relacionadas com a neve do local onde vivem.  e, principalmente, refor\u00e7ar as estrat\u00e9gias de aprendizagem que eles t\u00eam na ci\u00eancia\".<\/p><p>Da mesma forma, a professora expressou seu desejo de que a intera\u00e7\u00e3o da comunidade estudantil com os cientistas continue: \"Espero que voc\u00eas n\u00e3o percam o contato com nossas crian\u00e7as, sei que o setor \u00e9 muito distante e que significa um custo vir para esse lugar, mas \u00e9 t\u00e3o lindo, voc\u00ea v\u00ea como as crian\u00e7as gostam com voc\u00ea. Eles est\u00e3o preparados quando v\u00e3o vir, procurando seu di\u00e1rio de bordo, procurando os instrumentos que voc\u00ea lhes d\u00e1 de gra\u00e7a, que podem n\u00e3o estar ao alcance deles, como ter uma b\u00fassola ou um term\u00f4metro, que tamb\u00e9m foram usados em outros trabalhos cient\u00edficos.\"<\/p>\t\t\t\t\t\t<\/div>\n\t\t\t\t<\/div>\n\t\t\t\t<div class=\"elementor-element elementor-element-a3dbe9e elementor-widget elementor-widget-text-editor\" data-id=\"a3dbe9e\" data-element_type=\"widget\" data-widget_type=\"text-editor.default\">\n\t\t\t\t<div class=\"elementor-widget-container\">\n\t\t\t\t\t\t\t\t\t\t\t\t\t<\/div>\n\t\t\t\t<\/div>\n\t\t\t\t\t<\/div>\n\t\t<\/div>\n\t\t\t\t\t\t\t<\/div>\n\t\t<\/section>\n\t\t\t\t\t\t\t<\/div>","protected":false},"excerpt":{"rendered":"<p>Pluvi\u00f3metros San Isidro, acuerda una alianza estrat\u00e9gica junto a estudiantes de escuelas cordilleranas que ayudaron a la comunidad cient\u00edfica a registrar la lluvia y nieve ca\u00eddas en el pasado invierno. 84 ni\u00f1as y ni\u00f1os de 6 escuelas de R\u00edo Hurtado, Combarbal\u00e1 y Monte Patria, aprendieron a observar la cordillera en invierno, y mediante pluvi\u00f3metros San [&hellip;]<\/p>","protected":false},"author":2,"featured_media":0,"parent":0,"menu_order":0,"comment_status":"closed","ping_status":"closed","template":"","meta":{"_eb_attr":"","om_disable_all_campaigns":false,"_mi_skip_tracking":false,"_monsterinsights_sitenote_active":false,"_monsterinsights_sitenote_note":"","_monsterinsights_sitenote_category":0,"footnotes":""},"aioseo_notices":[],"_links":{"self":[{"href":"https:\/\/pluviometros.com\/pt_br\/wp-json\/wp\/v2\/pages\/2192"}],"collection":[{"href":"https:\/\/pluviometros.com\/pt_br\/wp-json\/wp\/v2\/pages"}],"about":[{"href":"https:\/\/pluviometros.com\/pt_br\/wp-json\/wp\/v2\/types\/page"}],"author":[{"embeddable":true,"href":"https:\/\/pluviometros.com\/pt_br\/wp-json\/wp\/v2\/users\/2"}],"replies":[{"embeddable":true,"href":"https:\/\/pluviometros.com\/pt_br\/wp-json\/wp\/v2\/comments?post=2192"}],"version-history":[{"count":13,"href":"https:\/\/pluviometros.com\/pt_br\/wp-json\/wp\/v2\/pages\/2192\/revisions"}],"predecessor-version":[{"id":2228,"href":"https:\/\/pluviometros.com\/pt_br\/wp-json\/wp\/v2\/pages\/2192\/revisions\/2228"}],"wp:attachment":[{"href":"https:\/\/pluviometros.com\/pt_br\/wp-json\/wp\/v2\/media?parent=2192"}],"curies":[{"name":"wp","href":"https:\/\/api.w.org\/{rel}","templated":true}]}}