{"id":2203,"date":"2023-11-15T15:09:43","date_gmt":"2023-11-15T15:09:43","guid":{"rendered":"https:\/\/pluviometros.com\/?page_id=2203"},"modified":"2023-12-07T19:01:39","modified_gmt":"2023-12-07T19:01:39","slug":"blog-5","status":"publish","type":"page","link":"https:\/\/pluviometros.com\/pt_br\/blog-5\/","title":{"rendered":"Blog 5"},"content":{"rendered":"<div data-elementor-type=\"wp-post\" data-elementor-id=\"2203\" class=\"elementor elementor-2203\">\n\t\t\t\t\t\t\t\t\t<section class=\"elementor-section elementor-top-section elementor-element elementor-element-a9c0eeb elementor-section-boxed elementor-section-height-default elementor-section-height-default\" data-id=\"a9c0eeb\" data-element_type=\"section\">\n\t\t\t\t\t\t<div class=\"elementor-container elementor-column-gap-no\">\n\t\t\t\t\t<div class=\"aux-parallax-section elementor-column elementor-col-100 elementor-top-column elementor-element elementor-element-71387644\" data-id=\"71387644\" data-element_type=\"column\">\n\t\t\t<div class=\"elementor-widget-wrap elementor-element-populated\">\n\t\t\t\t\t\t\t\t<div class=\"elementor-element elementor-element-db9e7e5 elementor-widget elementor-widget-image\" data-id=\"db9e7e5\" data-element_type=\"widget\" data-widget_type=\"image.default\">\n\t\t\t\t<div class=\"elementor-widget-container\">\n\t\t\t\t\t\t\t\t\t\t\t\t\t\t\t<img decoding=\"async\" loading=\"lazy\" width=\"837\" height=\"628\" src=\"https:\/\/pluviometros.com\/wp-content\/uploads\/2023\/11\/blog-5.png\" class=\"attachment-full size-full wp-image-2206\" alt=\"\" srcset=\"https:\/\/pluviometros.com\/wp-content\/uploads\/2023\/11\/blog-5.png 837w, https:\/\/pluviometros.com\/wp-content\/uploads\/2023\/11\/blog-5-16x12.png 16w\" sizes=\"(max-width: 837px) 100vw, 837px\" \/>\t\t\t\t\t\t\t\t\t\t\t\t\t\t\t<\/div>\n\t\t\t\t<\/div>\n\t\t\t\t<div class=\"elementor-element elementor-element-803bc81 aux-appear-watch-animation aux-fade-in-up elementor-widget elementor-widget-aux_modern_heading\" data-id=\"803bc81\" data-element_type=\"widget\" data-widget_type=\"aux_modern_heading.default\">\n\t\t\t\t<div class=\"elementor-widget-container\">\n\t\t\t<section class=\"aux-widget-modern-heading\">\n            <div class=\"aux-widget-inner\"><h2 class=\"aux-modern-heading-primary\">Pluvi\u00f3metros San Isidro, realiza una donacion de 50 pluvi\u00f3metros del Instituto Embu de Sostenibilidad a la Subprefectura de Perus para prevenir inundaciones y deslizamientos en distritos estrat\u00e9gicos.<\/h2><div class=\"aux-modern-heading-divider\"><\/div><\/div>\n        <\/section>\t\t<\/div>\n\t\t\t\t<\/div>\n\t\t\t\t<div class=\"elementor-element elementor-element-2a05316 elementor-widget elementor-widget-text-editor\" data-id=\"2a05316\" data-element_type=\"widget\" data-widget_type=\"text-editor.default\">\n\t\t\t\t<div class=\"elementor-widget-container\">\n\t\t\t\t\t\t\t<p>Na \u00faltima quarta-feira, a Subprefeitura de Perus recebeu doa\u00e7\u00e3o de 50 pluvi\u00f4metros San Isidro do Instituto de Sustentabilidade de Embu (IES). Os equipamentos ser\u00e3o instalados em pontos estrat\u00e9gicos dos bairros de Perus, Anhanguera e Pirituba (Parada de Taipas), para auxiliar nas a\u00e7\u00f5es preventivas contra enchentes e controle de deslizamentos, desenvolvidas pela Defesa Civil. A entrega ocorreu no gabinete do vice-prefeito de Perus. A associa\u00e7\u00e3o foi criada em dezembro de 2011.<\/p><p>Al\u00e9m dos equipamentos, est\u00e1 sendo elaborado um folder informativo para ser entregue \u00e0s lideran\u00e7as comunit\u00e1rias e aos agentes do Programa de Preven\u00e7\u00e3o de Inc\u00eandios em Assentamentos Prec\u00e1rios (Previn). Ele conter\u00e1 as informa\u00e7\u00f5es b\u00e1sicas de como e por que oper\u00e1-lo e a forma correta de registrar os dados em planilha di\u00e1ria e mensal (dependendo do volume de chuvas), para controle da Defesa Civil dos distritos.<\/p><p>Desenvolvido por uma empresa localizada em Santa Mar\u00eda (RS), o pluvi\u00f4metro San Isidro pode eliminar erros comuns de pequenos equipamentos desse tipo. Deve ser instalado a 1,50 metros do solo e afastado de qualquer superf\u00edcie que possa interferir na sua medi\u00e7\u00e3o, como \u00e1rvores, por exemplo. Com ele \u00e9 poss\u00edvel monitorar cada mil\u00edmetro de chuva que cai no local onde ser\u00e1 instalado e, girando uma r\u00e9gua em sua parte superior, \u00e9 poss\u00edvel chegar ao valor acumulado no per\u00edodo estipulado para medi\u00e7\u00e3o.<\/p><p>\u201cEssa medi\u00e7\u00e3o tamb\u00e9m \u00e9 importante em Parada de Taipas, onde ficam as cabeceiras do c\u00f3rrego Ribeir\u00e3o Per\u00fas, porque tem chovido muito l\u00e1 e n\u00e3o em Perus. Mas acabam inundando aqui, porque o relevo \u00e9 menor e a \u00e1gua corre para todo lado\u201d, explicou o ge\u00f3logo da Defesa Civil peruana Jos\u00e9 Fernando Pires dos Santos. Com o pluvi\u00f4metro de San Isidro, a comunidade se envolve no monitoramento do local onde mora.\u201d<\/p><p>O Instituto de Sustentabilidade Embu, subsidi\u00e1ria da Pedreira Embu S\/A, atua nas \u00e1reas de educa\u00e7\u00e3o socioambiental com diferentes projetos no Peru, Embu das Artes e Mogi das Cruzes, dependendo das necessidades das comunidades onde est\u00e1 instalado. No Peru, por exemplo, realizou cursos de capacita\u00e7\u00e3o ambiental na comunidade Jardim Rosinha e na rede municipal de ensino. E agora doou os pluvi\u00f4metros de San Isidro.<\/p><p>\u201cA comunidade de Perus \u00e9 muito comprometida, atuante e trabalhadora, o que tamb\u00e9m nos motivou a aceitar a associa\u00e7\u00e3o\u201d, disse o vice-presidente da IES, Marco Antonio de Souza Martins.<\/p><p>O vice-prefeito de Perus agradeceu a gentileza do IES em atender ao pedido da subprefeitura. \u201cA equipe \u00e9 mais um mecanismo para prevenir danos \u00e0s comunidades, principalmente aquelas que vivem em \u00e1reas de deslizamentos, inunda\u00e7\u00f5es e inunda\u00e7\u00f5es\u201d, disse. A instala\u00e7\u00e3o dos pluvi\u00f4metros San Isidro e a capacita\u00e7\u00e3o das pessoas que ir\u00e3o oper\u00e1-los dever\u00e3o ser realizadas rapidamente.<\/p>\t\t\t\t\t\t<\/div>\n\t\t\t\t<\/div>\n\t\t\t\t<div class=\"elementor-element elementor-element-a3dbe9e elementor-widget elementor-widget-text-editor\" data-id=\"a3dbe9e\" data-element_type=\"widget\" data-widget_type=\"text-editor.default\">\n\t\t\t\t<div class=\"elementor-widget-container\">\n\t\t\t\t\t\t\t\t\t\t\t\t\t<\/div>\n\t\t\t\t<\/div>\n\t\t\t\t\t<\/div>\n\t\t<\/div>\n\t\t\t\t\t\t\t<\/div>\n\t\t<\/section>\n\t\t\t\t\t\t\t<\/div>","protected":false},"excerpt":{"rendered":"<p>Pluvi\u00f3metros San Isidro, realiza una donacion de 50 pluvi\u00f3metros del Instituto Embu de Sostenibilidad a la Subprefectura de Perus para prevenir inundaciones y deslizamientos en distritos estrat\u00e9gicos. El pasado mi\u00e9rcoles, la Subprefectura de Perus recibi\u00f3 una donaci\u00f3n de 50 pluvi\u00f3metros San Isidro por parte del Instituto de Sostenibilidad de Embu (IES). Los equipos ser\u00e1n instalados [&hellip;]<\/p>","protected":false},"author":2,"featured_media":0,"parent":0,"menu_order":0,"comment_status":"closed","ping_status":"closed","template":"","meta":{"_eb_attr":"","om_disable_all_campaigns":false,"_mi_skip_tracking":false,"_monsterinsights_sitenote_active":false,"_monsterinsights_sitenote_note":"","_monsterinsights_sitenote_category":0,"footnotes":""},"aioseo_notices":[],"_links":{"self":[{"href":"https:\/\/pluviometros.com\/pt_br\/wp-json\/wp\/v2\/pages\/2203"}],"collection":[{"href":"https:\/\/pluviometros.com\/pt_br\/wp-json\/wp\/v2\/pages"}],"about":[{"href":"https:\/\/pluviometros.com\/pt_br\/wp-json\/wp\/v2\/types\/page"}],"author":[{"embeddable":true,"href":"https:\/\/pluviometros.com\/pt_br\/wp-json\/wp\/v2\/users\/2"}],"replies":[{"embeddable":true,"href":"https:\/\/pluviometros.com\/pt_br\/wp-json\/wp\/v2\/comments?post=2203"}],"version-history":[{"count":16,"href":"https:\/\/pluviometros.com\/pt_br\/wp-json\/wp\/v2\/pages\/2203\/revisions"}],"predecessor-version":[{"id":2248,"href":"https:\/\/pluviometros.com\/pt_br\/wp-json\/wp\/v2\/pages\/2203\/revisions\/2248"}],"wp:attachment":[{"href":"https:\/\/pluviometros.com\/pt_br\/wp-json\/wp\/v2\/media?parent=2203"}],"curies":[{"name":"wp","href":"https:\/\/api.w.org\/{rel}","templated":true}]}}