{"id":83,"date":"2018-09-15T10:54:42","date_gmt":"2018-09-15T10:54:42","guid":{"rendered":"http:\/\/pluviometros.com\/index.php\/contact\/"},"modified":"2023-09-19T16:26:57","modified_gmt":"2023-09-19T16:26:57","slug":"contacto","status":"publish","type":"page","link":"https:\/\/pluviometros.com\/pt_br\/contacto\/","title":{"rendered":"Contato"},"content":{"rendered":"<div data-elementor-type=\"wp-post\" data-elementor-id=\"83\" class=\"elementor elementor-83\">\n\t\t\t\t\t\t\t\t\t<section class=\"elementor-section elementor-top-section elementor-element elementor-element-5019553 elementor-section-boxed elementor-section-height-default elementor-section-height-default\" data-id=\"5019553\" data-element_type=\"section\" data-settings=\"{&quot;background_background&quot;:&quot;classic&quot;}\">\n\t\t\t\t\t\t<div class=\"elementor-container elementor-column-gap-default\">\n\t\t\t\t\t<div class=\"aux-parallax-section elementor-column elementor-col-100 elementor-top-column elementor-element elementor-element-8501f24\" data-id=\"8501f24\" data-element_type=\"column\">\n\t\t\t<div class=\"elementor-widget-wrap elementor-element-populated\">\n\t\t\t\t\t\t\t\t<div class=\"elementor-element elementor-element-dacfef7 elementor-widget elementor-widget-text-editor\" data-id=\"dacfef7\" data-element_type=\"widget\" data-widget_type=\"text-editor.default\">\n\t\t\t\t<div class=\"elementor-widget-container\">\n\t\t\t\t\t\t\tObrigado por nos contatar!\t\t\t\t\t\t<\/div>\n\t\t\t\t<\/div>\n\t\t\t\t\t<\/div>\n\t\t<\/div>\n\t\t\t\t\t\t\t<\/div>\n\t\t<\/section>\n\t\t\t\t<section class=\"elementor-section elementor-top-section elementor-element elementor-element-ed49412 elementor-section-full_width elementor-section-height-default elementor-section-height-default\" data-id=\"ed49412\" data-element_type=\"section\" data-settings=\"{&quot;background_background&quot;:&quot;classic&quot;}\">\n\t\t\t\t\t\t<div class=\"elementor-container elementor-column-gap-default\">\n\t\t\t\t\t<div class=\"aux-parallax-section elementor-column elementor-col-100 elementor-top-column elementor-element elementor-element-6327934\" data-id=\"6327934\" data-element_type=\"column\">\n\t\t\t<div class=\"elementor-widget-wrap elementor-element-populated\">\n\t\t\t\t\t\t\t\t<div class=\"elementor-element elementor-element-6d55efa elementor-widget elementor-widget-google_maps\" data-id=\"6d55efa\" data-element_type=\"widget\" data-widget_type=\"google_maps.default\">\n\t\t\t\t<div class=\"elementor-widget-container\">\n\t\t\t\t\t<div class=\"elementor-custom-embed\">\n\t\t\t<iframe loading=\"lazy\"\n\t\t\t\t\tsrc=\"https:\/\/maps.google.com\/maps?q=Cullen%20561%20Rosario%20Santa%20Fe%20-%20Argentina&#038;t=m&#038;z=14&#038;output=embed&#038;iwloc=near\"\n\t\t\t\t\ttitle=\"Cullen 561 Rosario Santa Fe - Argentina\"\n\t\t\t\t\taria-label=\"Cullen 561 Rosario Santa Fe - Argentina\"\n\t\t\t><\/iframe>\n\t\t<\/div>\n\t\t\t\t<\/div>\n\t\t\t\t<\/div>\n\t\t\t\t\t<\/div>\n\t\t<\/div>\n\t\t\t\t\t\t\t<\/div>\n\t\t<\/section>\n\t\t\t\t<section class=\"elementor-section elementor-top-section elementor-element elementor-element-8e22004 elementor-section-boxed elementor-section-height-default elementor-section-height-default\" data-id=\"8e22004\" data-element_type=\"section\" data-settings=\"{&quot;background_background&quot;:&quot;classic&quot;}\">\n\t\t\t\t\t\t<div class=\"elementor-container elementor-column-gap-default\">\n\t\t\t\t\t<div class=\"aux-parallax-section elementor-column elementor-col-100 elementor-top-column elementor-element elementor-element-95fd8c3\" data-id=\"95fd8c3\" data-element_type=\"column\">\n\t\t\t<div class=\"elementor-widget-wrap elementor-element-populated\">\n\t\t\t\t\t\t\t\t<section class=\"elementor-section elementor-inner-section elementor-element elementor-element-ebb6ade elementor-section-full_width elementor-section-height-default elementor-section-height-default\" data-id=\"ebb6ade\" data-element_type=\"section\" data-settings=\"{&quot;background_background&quot;:&quot;classic&quot;}\">\n\t\t\t\t\t\t<div class=\"elementor-container elementor-column-gap-wider\">\n\t\t\t\t\t<div class=\"aux-parallax-section elementor-column elementor-col-50 elementor-inner-column elementor-element elementor-element-408ba47 aux-appear-watch-animation aux-fade-in-up\" data-id=\"408ba47\" data-element_type=\"column\">\n\t\t\t<div class=\"elementor-widget-wrap elementor-element-populated\">\n\t\t\t\t\t\t\t\t<section class=\"elementor-section elementor-inner-section elementor-element elementor-element-e9863a8 elementor-section-boxed elementor-section-height-default elementor-section-height-default\" data-id=\"e9863a8\" data-element_type=\"section\">\n\t\t\t\t\t\t<div class=\"elementor-container elementor-column-gap-default\">\n\t\t\t\t\t<div class=\"aux-parallax-section elementor-column elementor-col-50 elementor-inner-column elementor-element elementor-element-baec802\" data-id=\"baec802\" data-element_type=\"column\">\n\t\t\t<div class=\"elementor-widget-wrap elementor-element-populated\">\n\t\t\t\t\t\t\t\t<div class=\"elementor-element elementor-element-9fe5219 elementor-hidden-mobile elementor-view-default elementor-widget elementor-widget-icon\" data-id=\"9fe5219\" data-element_type=\"widget\" data-widget_type=\"icon.default\">\n\t\t\t\t<div class=\"elementor-widget-container\">\n\t\t\t\t\t<div class=\"elementor-icon-wrapper\">\n\t\t\t<div class=\"elementor-icon\">\n\t\t\t<i aria-hidden=\"true\" class=\"icon icon-contact-form\"><\/i>\t\t\t<\/div>\n\t\t<\/div>\n\t\t\t\t<\/div>\n\t\t\t\t<\/div>\n\t\t\t\t\t<\/div>\n\t\t<\/div>\n\t\t\t\t<div class=\"aux-parallax-section elementor-column elementor-col-50 elementor-inner-column elementor-element elementor-element-6c34289\" data-id=\"6c34289\" data-element_type=\"column\">\n\t\t\t<div class=\"elementor-widget-wrap elementor-element-populated\">\n\t\t\t\t\t\t\t\t<div class=\"elementor-element elementor-element-8b5522f aux-appear-watch-animation aux-fade-in-up elementor-widget elementor-widget-aux_modern_heading\" data-id=\"8b5522f\" data-element_type=\"widget\" data-widget_type=\"aux_modern_heading.default\">\n\t\t\t\t<div class=\"elementor-widget-container\">\n\t\t\t<section class=\"aux-widget-modern-heading\">\n            <div class=\"aux-widget-inner\"><h2 class=\"aux-modern-heading-primary\">Entrar em contato<\/h2><div class=\"aux-modern-heading-divider\"><\/div><\/div>\n        <\/section>\t\t<\/div>\n\t\t\t\t<\/div>\n\t\t\t\t\t<\/div>\n\t\t<\/div>\n\t\t\t\t\t\t\t<\/div>\n\t\t<\/section>\n\t\t\t\t<div class=\"elementor-element elementor-element-d097686 eael-wpforms-labels-yes eael-wpforms-form-button-custom elementor-widget elementor-widget-eael-wpforms\" data-id=\"d097686\" data-element_type=\"widget\" data-widget_type=\"eael-wpforms.default\">\n\t\t\t\t<div class=\"elementor-widget-container\">\n\t\t\t            <div class=\"eael-contact-form eael-wpforms eael-contact-form-align-default\">\n                                <div class=\"wpforms-container wpforms-container-full\" id=\"wpforms-958\"><form id=\"wpforms-form-958\" class=\"wpforms-validate wpforms-form wpforms-ajax-form\" data-formid=\"958\" method=\"post\" enctype=\"multipart\/form-data\" action=\"\/pt_br\/wp-json\/wp\/v2\/pages\/83\" data-token=\"b3e52b8dc54876399f505d68a143ddfb\" data-trp-original-action=\"\/pt_br\/wp-json\/wp\/v2\/pages\/83\"><noscript class=\"wpforms-error-noscript\">Ative o JavaScript no seu navegador para preencher este formul\u00e1rio.<\/noscript><div class=\"wpforms-field-container\"><div id=\"wpforms-958-field_0-container\" class=\"wpforms-field wpforms-field-name\" data-field-id=\"0\"><label class=\"wpforms-field-label\" for=\"wpforms-958-field_0\">Nome <span class=\"wpforms-required-label\">*<\/span><\/label><input type=\"text\" id=\"wpforms-958-field_0\" class=\"wpforms-field-medium wpforms-field-required\" name=\"wpforms[fields][0]\" required><\/div><div id=\"wpforms-958-field_1-container\" class=\"wpforms-field wpforms-field-email\" data-field-id=\"1\"><label class=\"wpforms-field-label\" for=\"wpforms-958-field_1\">E-mail <span class=\"wpforms-required-label\">*<\/span><\/label><input type=\"email\" id=\"wpforms-958-field_1\" class=\"wpforms-field-medium wpforms-field-required\" name=\"wpforms[fields][1]\" spellcheck=\"false\" required><\/div><div id=\"wpforms-958-field_2-container\" class=\"wpforms-field wpforms-field-textarea\" data-field-id=\"2\"><label class=\"wpforms-field-label\" for=\"wpforms-958-field_2\">Mensagem<\/label><textarea id=\"wpforms-958-field_2\" class=\"wpforms-field-medium\" name=\"wpforms[fields][2]\" ><\/textarea><\/div><\/div><!-- .wpforms-field-container --><div class=\"wpforms-submit-container\" ><input type=\"hidden\" name=\"wpforms[id]\" value=\"958\"><input type=\"hidden\" name=\"wpforms[author]\" value=\"2\"><button type=\"submit\" name=\"wpforms[submit]\" id=\"wpforms-submit-958\" class=\"wpforms-submit\" data-alt-text=\"Enviando...\" data-submit-text=\"Enviar\" aria-live=\"assertive\" value=\"wpforms-submit\">Enviar<\/button><img decoding=\"async\" loading=\"lazy\" src=\"https:\/\/pluviometros.com\/wp-content\/plugins\/wpforms-lite\/assets\/images\/submit-spin.svg\" class=\"wpforms-submit-spinner\" style=\"display: none;\" width=\"26\" height=\"26\" alt=\"Carregando\"><\/div><input type=\"hidden\" name=\"trp-form-language\" value=\"pt_br\"\/><\/form><\/div>  <!-- .wpforms-container -->            <\/div>\n\t\t<\/div>\n\t\t\t\t<\/div>\n\t\t\t\t\t<\/div>\n\t\t<\/div>\n\t\t\t\t<div class=\"aux-parallax-section elementor-column elementor-col-50 elementor-inner-column elementor-element elementor-element-cd0d1b2 aux-appear-watch-animation aux-fade-in-up\" data-id=\"cd0d1b2\" data-element_type=\"column\" data-settings=\"{&quot;background_background&quot;:&quot;gradient&quot;}\">\n\t\t\t<div class=\"elementor-widget-wrap elementor-element-populated\">\n\t\t\t\t\t\t\t\t<div class=\"elementor-element elementor-element-0c8270d aux-appear-watch-animation aux-fade-in-up elementor-widget elementor-widget-aux_modern_heading\" data-id=\"0c8270d\" data-element_type=\"widget\" data-widget_type=\"aux_modern_heading.default\">\n\t\t\t\t<div class=\"elementor-widget-container\">\n\t\t\t<section class=\"aux-widget-modern-heading\">\n            <div class=\"aux-widget-inner\"><h2 class=\"aux-modern-heading-primary\">Contato<\/h2><\/div>\n        <\/section>\t\t<\/div>\n\t\t\t\t<\/div>\n\t\t\t\t<div class=\"elementor-element elementor-element-4aca6f1 aux-appear-watch-animation aux-fade-in-up elementor-hidden-desktop elementor-hidden-tablet elementor-widget__width-initial elementor-widget elementor-widget-aux_text\" data-id=\"4aca6f1\" data-element_type=\"widget\" data-widget_type=\"aux_text.default\">\n\t\t\t\t<div class=\"elementor-widget-container\">\n\t\t\t<section class=\"widget-container aux-widget-text aux-parent-auea1eed79\">        <div class=\"aux-widget-advanced-text aux-wrap-style-simple aux-ico-pos-top aux-text-left aux-text-resp- aux-text-color-dark aux-text-widget-bg-center\" >\n        \n                            <div class=\"aux-text-widget-header\"  >\n                        <div class=\"aux-ico-box aux-ico-large aux-ico-shape-circle aux-ico-clear\">\n                                                            <span class=\"aux-ico auxicon-map-pin\" > <\/span>\n                                                    <\/div>\n                <\/div>\n            \n            <div class=\"aux-text-inner aux-text-widget-content\">\n                                <h4 class=\"col-title\">Endere\u00e7o:<\/h4>\n                                <div class=\"widget-content\">\n                                        Cullen 561, Rosario<br>\nSanta Fe - Argentina<br>\nCP: 2000                <\/div>\n                            <\/div>\n        <\/div>\n                    <div class=\"aux-text-widget-footer\">\n                <div class=\"aux-border-shape-none\">\n                                <\/div>\n            <\/div>\n        \n<\/section><!-- widget-container -->\t\t<\/div>\n\t\t\t\t<\/div>\n\t\t\t\t<div class=\"elementor-element elementor-element-67feb84 aux-appear-watch-animation aux-fade-in-up elementor-hidden-mobile elementor-widget elementor-widget-aux_text\" data-id=\"67feb84\" data-element_type=\"widget\" data-widget_type=\"aux_text.default\">\n\t\t\t\t<div class=\"elementor-widget-container\">\n\t\t\t<section class=\"widget-container aux-widget-text aux-parent-au4fe06330\">        <div class=\"aux-widget-advanced-text aux-wrap-style-simple aux-ico-pos-left aux-text-left aux-text-resp- aux-text-color-dark aux-text-widget-bg-center  aux-text-padding-fix\" >\n        \n                            <div class=\"aux-text-widget-header\"  >\n                        <div class=\"aux-ico-box aux-ico-large aux-ico-shape-circle aux-ico-clear\">\n                                                            <span class=\"aux-ico auxicon-map-pin\" > <\/span>\n                                                    <\/div>\n                <\/div>\n            \n            <div class=\"aux-text-inner aux-text-widget-content\">\n                                <h4 class=\"col-title\">Endere\u00e7o:<\/h4>\n                                <div class=\"widget-content\">\n                                        Cullen 561, Rosario<br>\nSanta Fe - Argentina<br>\nCP: 2000                <\/div>\n                            <\/div>\n        <\/div>\n                    <div class=\"aux-text-widget-footer\">\n                <div class=\"aux-border-shape-none\">\n                                <\/div>\n            <\/div>\n        \n<\/section><!-- widget-container -->\t\t<\/div>\n\t\t\t\t<\/div>\n\t\t\t\t<div class=\"elementor-element elementor-element-c330c3d aux-appear-watch-animation aux-fade-in-up elementor-hidden-desktop elementor-hidden-tablet elementor-widget elementor-widget-aux_text\" data-id=\"c330c3d\" data-element_type=\"widget\" data-widget_type=\"aux_text.default\">\n\t\t\t\t<div class=\"elementor-widget-container\">\n\t\t\t<section class=\"widget-container aux-widget-text aux-parent-aue739e0c7\">        <div class=\"aux-widget-advanced-text aux-wrap-style-simple aux-ico-pos-top aux-text-left aux-text-resp- aux-text-color-dark aux-text-widget-bg-center\" >\n        \n                            <div class=\"aux-text-widget-header\"  >\n                        <div class=\"aux-ico-box aux-ico-large aux-ico-shape-circle aux-ico-clear\">\n                                                            <span class=\"aux-ico auxicon-phone-1\" > <\/span>\n                                                    <\/div>\n                <\/div>\n            \n            <div class=\"aux-text-inner aux-text-widget-content\">\n                                <h4 class=\"col-title\">Telefones:<\/h4>\n                                <div class=\"widget-content\">\n                                        <p>Argentina:<br \/><a href=\"https:\/\/api.whatsapp.com\/send?phone=543412581749\">+54 (9) 341 258-1749<\/a><br \/>+54 (9) 341 456 0116<\/p><p>Brasil:<br \/>(55) 3026-0641<br \/>(55) 99694-0292<\/p><p>Santa Cruz Bolivia:<br \/>+591 70 011 486<\/p>                <\/div>\n                            <\/div>\n        <\/div>\n                    <div class=\"aux-text-widget-footer\">\n                <div class=\"aux-border-shape-none\">\n                                <\/div>\n            <\/div>\n        \n<\/section><!-- widget-container -->\t\t<\/div>\n\t\t\t\t<\/div>\n\t\t\t\t<div class=\"elementor-element elementor-element-4f6ea9d aux-appear-watch-animation aux-fade-in-up elementor-hidden-mobile elementor-widget elementor-widget-aux_text\" data-id=\"4f6ea9d\" data-element_type=\"widget\" data-widget_type=\"aux_text.default\">\n\t\t\t\t<div class=\"elementor-widget-container\">\n\t\t\t<section class=\"widget-container aux-widget-text aux-parent-aub914fa08\">        <div class=\"aux-widget-advanced-text aux-wrap-style-simple aux-ico-pos-left aux-text-left aux-text-resp- aux-text-color-dark aux-text-widget-bg-center  aux-text-padding-fix\" >\n        \n                            <div class=\"aux-text-widget-header\"  >\n                        <div class=\"aux-ico-box aux-ico-large aux-ico-shape-circle aux-ico-clear\">\n                                                            <span class=\"aux-ico auxicon-phone-1\" > <\/span>\n                                                    <\/div>\n                <\/div>\n            \n            <div class=\"aux-text-inner aux-text-widget-content\">\n                                <h4 class=\"col-title\">Telefones:<\/h4>\n                                <div class=\"widget-content\">\n                                        <p>Argentina:<br \/><a href=\"https:\/\/api.whatsapp.com\/send?phone=543412581749\">+54 (9) 341 258-1749<\/a><br \/>+54 (9) 341 456 0116<\/p><p>\u00a0<\/p><p>Brasil:<br \/>(55) 3026-0641<br \/>(55) 99694-0292<\/p><p>\u00a0<\/p><p>Santa Cruz Bolivia:<br \/>+591 70 011 486<\/p>                <\/div>\n                            <\/div>\n        <\/div>\n                    <div class=\"aux-text-widget-footer\">\n                <div class=\"aux-border-shape-none\">\n                                <\/div>\n            <\/div>\n        \n<\/section><!-- widget-container -->\t\t<\/div>\n\t\t\t\t<\/div>\n\t\t\t\t<div class=\"elementor-element elementor-element-f0dbf6f aux-appear-watch-animation aux-fade-in-up elementor-hidden-desktop elementor-hidden-tablet elementor-widget elementor-widget-aux_text\" data-id=\"f0dbf6f\" data-element_type=\"widget\" data-widget_type=\"aux_text.default\">\n\t\t\t\t<div class=\"elementor-widget-container\">\n\t\t\t<section class=\"widget-container aux-widget-text aux-parent-au1f2b6f4d\">        <div class=\"aux-widget-advanced-text aux-wrap-style-simple aux-ico-pos-top aux-text-left aux-text-resp- aux-text-color-dark aux-text-widget-bg-center\" >\n        \n                            <div class=\"aux-text-widget-header\"  >\n                        <div class=\"aux-ico-box aux-ico-large aux-ico-shape-circle aux-ico-clear\">\n                                                            <span class=\"aux-ico auxicon-mail-letter-outline\" > <\/span>\n                                                    <\/div>\n                <\/div>\n            \n            <div class=\"aux-text-inner aux-text-widget-content\">\n                                <h4 class=\"col-title\">Correspond\u00eancia:<\/h4>\n                                <div class=\"widget-content\">\n                                        <p>Argentina:<br \/><a href=\"mailto:info@pluviometros.com\">info@pluviometros.com<\/a> <a href=\"mailto:ventas@pluviometros.com\">ventas@pluviometros.com<\/a><\/p><p>\u00a0<\/p><p>Brasil:<\/p><p><a href=\"mailto:vendas@pluviometro.com.br\">vendas@pluviometro.com.br<\/a><br \/><a href=\"mailto:agrologia@hotmail.com\">agrologia@hotmail.com<\/a><\/p><p><a href=\"http:\/\/www.pluviometro.com.br\">www.pluviometro.com.br<\/a><\/p><p>\u00a0<\/p><p>Santa Cruz Bolivia:<\/p><p><a href=\"mailto:brunobartoli@gmail.com\">brunobartoli@gmail.com<\/a><\/p>                <\/div>\n                            <\/div>\n        <\/div>\n                    <div class=\"aux-text-widget-footer\">\n                <div class=\"aux-border-shape-none\">\n                                <\/div>\n            <\/div>\n        \n<\/section><!-- widget-container -->\t\t<\/div>\n\t\t\t\t<\/div>\n\t\t\t\t<div class=\"elementor-element elementor-element-c304d6f aux-appear-watch-animation aux-fade-in-up elementor-hidden-mobile elementor-widget elementor-widget-aux_text\" data-id=\"c304d6f\" data-element_type=\"widget\" data-widget_type=\"aux_text.default\">\n\t\t\t\t<div class=\"elementor-widget-container\">\n\t\t\t<section class=\"widget-container aux-widget-text aux-parent-au6e1376d9\">        <div class=\"aux-widget-advanced-text aux-wrap-style-simple aux-ico-pos-left aux-text-left aux-text-resp- aux-text-color-dark aux-text-widget-bg-center  aux-text-padding-fix\" >\n        \n                            <div class=\"aux-text-widget-header\"  >\n                        <div class=\"aux-ico-box aux-ico-large aux-ico-shape-circle aux-ico-clear\">\n                                                            <span class=\"aux-ico auxicon-mail-letter-outline\" > <\/span>\n                                                    <\/div>\n                <\/div>\n            \n            <div class=\"aux-text-inner aux-text-widget-content\">\n                                <h4 class=\"col-title\">Correspond\u00eancia:<\/h4>\n                                <div class=\"widget-content\">\n                                        <p>Argentina:<br \/><a href=\"mailto:info@pluviometros.com\">info@pluviometros.com<\/a> <a href=\"mailto:ventas@pluviometros.com\">ventas@pluviometros.com<\/a><\/p><p>\u00a0<\/p><p>Brasil:<\/p><p><a href=\"mailto:vendas@pluviometro.com.br\">vendas@pluviometro.com.br<\/a><br \/><a href=\"mailto:agrologia@hotmail.com\">agrologia@hotmail.com<\/a><\/p><p><a href=\"http:\/\/www.pluviometro.com.br\">www.pluviometro.com.br<\/a><\/p><p>\u00a0<\/p><p>Santa Cruz Bolivia:<\/p><p><a href=\"mailto:brunobartoli@gmail.com\">brunobartoli@gmail.com<\/a><\/p>                <\/div>\n                            <\/div>\n        <\/div>\n                    <div class=\"aux-text-widget-footer\">\n                <div class=\"aux-border-shape-none\">\n                                <\/div>\n            <\/div>\n        \n<\/section><!-- widget-container -->\t\t<\/div>\n\t\t\t\t<\/div>\n\t\t\t\t\t<\/div>\n\t\t<\/div>\n\t\t\t\t\t\t\t<\/div>\n\t\t<\/section>\n\t\t\t\t\t<\/div>\n\t\t<\/div>\n\t\t\t\t\t\t\t<\/div>\n\t\t<\/section>\n\t\t\t\t\t\t\t<\/div>","protected":false},"excerpt":{"rendered":"<p>Gracias por contactarte con nosotros! Contactate Please enable JavaScript in your browser to complete this form.Nombre *Correo *Mensaje Enviar Contacto Direcci\u00f3n: Cullen 561, Rosario Santa Fe &#8211; Argentina CP: 2000 Direcci\u00f3n: Cullen 561, Rosario Santa Fe &#8211; Argentina CP: 2000 Tel\u00e9fonos: Argentina:+54 (9) 341 258-1749+54 (9) 341 456 0116 Brasil:(55) 3026-0641(55) 99694-0292 Santa Cruz Bolivia:+591 [&hellip;]<\/p>","protected":false},"author":2,"featured_media":0,"parent":0,"menu_order":0,"comment_status":"closed","ping_status":"closed","template":"templates\/page-builder-content.php","meta":{"_eb_attr":"","om_disable_all_campaigns":false,"_mi_skip_tracking":false,"_monsterinsights_sitenote_active":false,"_monsterinsights_sitenote_note":"","_monsterinsights_sitenote_category":0,"footnotes":""},"aioseo_notices":[],"_links":{"self":[{"href":"https:\/\/pluviometros.com\/pt_br\/wp-json\/wp\/v2\/pages\/83"}],"collection":[{"href":"https:\/\/pluviometros.com\/pt_br\/wp-json\/wp\/v2\/pages"}],"about":[{"href":"https:\/\/pluviometros.com\/pt_br\/wp-json\/wp\/v2\/types\/page"}],"author":[{"embeddable":true,"href":"https:\/\/pluviometros.com\/pt_br\/wp-json\/wp\/v2\/users\/2"}],"replies":[{"embeddable":true,"href":"https:\/\/pluviometros.com\/pt_br\/wp-json\/wp\/v2\/comments?post=83"}],"version-history":[{"count":97,"href":"https:\/\/pluviometros.com\/pt_br\/wp-json\/wp\/v2\/pages\/83\/revisions"}],"predecessor-version":[{"id":2051,"href":"https:\/\/pluviometros.com\/pt_br\/wp-json\/wp\/v2\/pages\/83\/revisions\/2051"}],"wp:attachment":[{"href":"https:\/\/pluviometros.com\/pt_br\/wp-json\/wp\/v2\/media?parent=83"}],"curies":[{"name":"wp","href":"https:\/\/api.w.org\/{rel}","templated":true}]}}